{"id":18,"date":"2023-06-11T15:51:52","date_gmt":"2023-06-11T18:51:52","guid":{"rendered":"https:\/\/nyx.dev.br\/?page_id=18"},"modified":"2023-11-04T18:58:39","modified_gmt":"2023-11-04T21:58:39","slug":"home","status":"publish","type":"page","link":"https:\/\/nyx.dev.br\/","title":{"rendered":"Inicial Nyx"},"content":{"rendered":"\t\t<div data-elementor-type=\"wp-page\" data-elementor-id=\"18\" class=\"elementor elementor-18\" data-elementor-settings=\"{&quot;ha_cmc_init_switcher&quot;:&quot;no&quot;}\">\n\t\t\t\t\t\t<section class=\"elementor-section elementor-top-section elementor-element elementor-element-a045576 elementor-section-height-full elementor-section-content-middle elementor-hidden-mobile elementor-section-boxed elementor-section-height-default elementor-section-items-middle wpr-particle-no wpr-jarallax-no wpr-parallax-no wpr-sticky-section-no\" data-id=\"a045576\" data-element_type=\"section\" data-e-type=\"section\" data-settings=\"{&quot;background_background&quot;:&quot;classic&quot;,&quot;_ha_eqh_enable&quot;:false}\">\n\t\t\t\t\t\t<div class=\"elementor-container elementor-column-gap-default\">\n\t\t\t\t\t<div class=\"elementor-column elementor-col-100 elementor-top-column elementor-element elementor-element-72ae3c9\" data-id=\"72ae3c9\" data-element_type=\"column\" data-e-type=\"column\">\n\t\t\t<div class=\"elementor-widget-wrap elementor-element-populated\">\n\t\t\t\t\t\t<div class=\"elementor-element elementor-element-eccb1e7 elementor-widget elementor-widget-heading\" data-id=\"eccb1e7\" data-element_type=\"widget\" data-e-type=\"widget\" data-widget_type=\"heading.default\">\n\t\t\t\t<div class=\"elementor-widget-container\">\n\t\t\t\t\t<h1 class=\"elementor-heading-title elementor-size-default\">Nyx Design<\/h1>\t\t\t\t<\/div>\n\t\t\t\t<\/div>\n\t\t\t\t<div class=\"elementor-element elementor-element-bfc7ecd elementor-widget elementor-widget-image\" data-id=\"bfc7ecd\" data-element_type=\"widget\" data-e-type=\"widget\" data-widget_type=\"image.default\">\n\t\t\t\t<div class=\"elementor-widget-container\">\n\t\t\t\t\t\t\t\t\t\t\t\t\t\t\t<img fetchpriority=\"high\" decoding=\"async\" width=\"300\" height=\"265\" src=\"https:\/\/nyx.dev.br\/wp-content\/uploads\/2023\/06\/Nyx_logo-300x265.png\" class=\"attachment-medium size-medium wp-image-13\" alt=\"Logo Nyx Design\" srcset=\"https:\/\/nyx.dev.br\/wp-content\/uploads\/2023\/06\/Nyx_logo-300x265.png 300w, https:\/\/nyx.dev.br\/wp-content\/uploads\/2023\/06\/Nyx_logo.png 371w\" sizes=\"(max-width: 300px) 100vw, 300px\" \/>\t\t\t\t\t\t\t\t\t\t\t\t\t\t\t<\/div>\n\t\t\t\t<\/div>\n\t\t\t\t<div class=\"elementor-element elementor-element-fe643af elementor-widget elementor-widget-heading\" data-id=\"fe643af\" data-element_type=\"widget\" data-e-type=\"widget\" data-widget_type=\"heading.default\">\n\t\t\t\t<div class=\"elementor-widget-container\">\n\t\t\t\t\t<h2 class=\"elementor-heading-title elementor-size-default\">Ops! Site em Manuten\u00e7\u00e3o...<\/h2>\t\t\t\t<\/div>\n\t\t\t\t<\/div>\n\t\t\t\t<div class=\"elementor-element elementor-element-78270e7 elementor-widget elementor-widget-heading\" data-id=\"78270e7\" data-element_type=\"widget\" data-e-type=\"widget\" data-widget_type=\"heading.default\">\n\t\t\t\t<div class=\"elementor-widget-container\">\n\t\t\t\t\t<p class=\"elementor-heading-title elementor-size-medium\">Pedimos desculpas pelo transtorno.\n<br><br>\nNossa equipe est\u00e1 trabalhando para trazer<br>uma experi\u00eancia incr\u00edvel para voc\u00ea.\n<br><br>\nAgradecemos pela compreens\u00e3o.<\/p>\t\t\t\t<\/div>\n\t\t\t\t<\/div>\n\t\t\t\t\t<\/div>\n\t\t<\/div>\n\t\t\t\t\t<\/div>\n\t\t<\/section>\n\t\t\t\t<section class=\"elementor-section elementor-top-section elementor-element elementor-element-0bdf3ec elementor-section-height-min-height elementor-section-content-middle elementor-section-items-top elementor-hidden-desktop elementor-hidden-tablet elementor-section-boxed elementor-section-height-default wpr-particle-no wpr-jarallax-no wpr-parallax-no wpr-sticky-section-no\" data-id=\"0bdf3ec\" data-element_type=\"section\" data-e-type=\"section\" data-settings=\"{&quot;background_background&quot;:&quot;classic&quot;,&quot;_ha_eqh_enable&quot;:false}\">\n\t\t\t\t\t\t<div class=\"elementor-container elementor-column-gap-default\">\n\t\t\t\t\t<div class=\"elementor-column elementor-col-100 elementor-top-column elementor-element elementor-element-a78b594\" data-id=\"a78b594\" data-element_type=\"column\" data-e-type=\"column\">\n\t\t\t<div class=\"elementor-widget-wrap elementor-element-populated\">\n\t\t\t\t\t\t<div class=\"elementor-element elementor-element-2793471 elementor-widget elementor-widget-heading\" data-id=\"2793471\" data-element_type=\"widget\" data-e-type=\"widget\" data-widget_type=\"heading.default\">\n\t\t\t\t<div class=\"elementor-widget-container\">\n\t\t\t\t\t<h2 class=\"elementor-heading-title elementor-size-default\">Nyx Design<\/h2>\t\t\t\t<\/div>\n\t\t\t\t<\/div>\n\t\t\t\t<div class=\"elementor-element elementor-element-faecf6f elementor-widget elementor-widget-image\" data-id=\"faecf6f\" data-element_type=\"widget\" data-e-type=\"widget\" data-widget_type=\"image.default\">\n\t\t\t\t<div class=\"elementor-widget-container\">\n\t\t\t\t\t\t\t\t\t\t\t\t\t\t\t<img decoding=\"async\" src=\"https:\/\/nyx.dev.br\/wp-content\/uploads\/elementor\/thumbs\/Nyx_logo-qjf9wbiq1lcrzke3130zti3v683fceumak9lpjpnf4.png\" title=\"Nyx_logo\" alt=\"Logo Nyx Design\" loading=\"lazy\" \/>\t\t\t\t\t\t\t\t\t\t\t\t\t\t\t<\/div>\n\t\t\t\t<\/div>\n\t\t\t\t<div class=\"elementor-element elementor-element-7a63474 elementor-widget elementor-widget-heading\" data-id=\"7a63474\" data-element_type=\"widget\" data-e-type=\"widget\" data-widget_type=\"heading.default\">\n\t\t\t\t<div class=\"elementor-widget-container\">\n\t\t\t\t\t<h5 class=\"elementor-heading-title elementor-size-default\">Ops! Site em desenvolvimento...<\/h5>\t\t\t\t<\/div>\n\t\t\t\t<\/div>\n\t\t\t\t<div class=\"elementor-element elementor-element-115cd12 elementor-widget elementor-widget-heading\" data-id=\"115cd12\" data-element_type=\"widget\" data-e-type=\"widget\" data-widget_type=\"heading.default\">\n\t\t\t\t<div class=\"elementor-widget-container\">\n\t\t\t\t\t<p class=\"elementor-heading-title elementor-size-small\">Pedimos desculpas pelo transtorno.\n<br><br>\nNossa equipe est\u00e1 trabalhando para trazer<br>uma experi\u00eancia incr\u00edvel para voc\u00ea.\n<br><br>\nAgradecemos pela compreens\u00e3o.<\/p>\t\t\t\t<\/div>\n\t\t\t\t<\/div>\n\t\t\t\t\t<\/div>\n\t\t<\/div>\n\t\t\t\t\t<\/div>\n\t\t<\/section>\n\t\t\t\t<\/div>\n\t\t","protected":false},"excerpt":{"rendered":"<p>Nyx Design Ops! Site em Manuten\u00e7\u00e3o&#8230; Pedimos desculpas pelo transtorno. Nossa equipe est\u00e1 trabalhando para trazeruma experi\u00eancia incr\u00edvel para voc\u00ea. Agradecemos pela compreens\u00e3o. Nyx Design Ops! Site em desenvolvimento&#8230; Pedimos desculpas pelo transtorno. Nossa equipe est\u00e1 trabalhando para trazeruma experi\u00eancia incr\u00edvel para voc\u00ea. Agradecemos pela compreens\u00e3o.<\/p>\n","protected":false},"author":1,"featured_media":0,"parent":0,"menu_order":0,"comment_status":"closed","ping_status":"closed","template":"elementor_canvas","meta":{"footnotes":""},"class_list":["post-18","page","type-page","status-publish","hentry"],"_links":{"self":[{"href":"https:\/\/nyx.dev.br\/index.php?rest_route=\/wp\/v2\/pages\/18","targetHints":{"allow":["GET"]}}],"collection":[{"href":"https:\/\/nyx.dev.br\/index.php?rest_route=\/wp\/v2\/pages"}],"about":[{"href":"https:\/\/nyx.dev.br\/index.php?rest_route=\/wp\/v2\/types\/page"}],"author":[{"embeddable":true,"href":"https:\/\/nyx.dev.br\/index.php?rest_route=\/wp\/v2\/users\/1"}],"replies":[{"embeddable":true,"href":"https:\/\/nyx.dev.br\/index.php?rest_route=%2Fwp%2Fv2%2Fcomments&post=18"}],"version-history":[{"count":8,"href":"https:\/\/nyx.dev.br\/index.php?rest_route=\/wp\/v2\/pages\/18\/revisions"}],"predecessor-version":[{"id":600,"href":"https:\/\/nyx.dev.br\/index.php?rest_route=\/wp\/v2\/pages\/18\/revisions\/600"}],"wp:attachment":[{"href":"https:\/\/nyx.dev.br\/index.php?rest_route=%2Fwp%2Fv2%2Fmedia&parent=18"}],"curies":[{"name":"wp","href":"https:\/\/api.w.org\/{rel}","templated":true}]}}